{"id":42,"date":"2025-10-25T16:46:28","date_gmt":"2025-10-25T16:46:28","guid":{"rendered":"https:\/\/kerstin-steinbach.com\/?page_id=42"},"modified":"2026-04-09T12:18:54","modified_gmt":"2026-04-09T12:18:54","slug":"biographisches","status":"publish","type":"page","link":"https:\/\/kerstin-steinbach.com\/?page_id=42","title":{"rendered":"Biographisches"},"content":{"rendered":"\n\n\t<h1>Biographisches<\/h1>\n\t<strong>Dr. Kerstin Steinbach<\/strong> ist seit vielen Jahren als erfolgreiche und hochgesch\u00e4tzte Fach\u00e4rztin t\u00e4tig. Seit fast drei Jahrzehnten ver\u00f6ffentlicht sie bei AHRIMAN. In den KETZERBRIEFEN, Flaschenpost f\u00fcr unangepa\u00dfte Gedanken, erscheinen regelm\u00e4\u00dfig ihre Artikel und Analysen, die ein breites inhaltliches Spektrum abdecken und sich neben biologischen und medizinischen auch zahlreichen aktualpolitischen und grunds\u00e4tzlichen Themen widmen; zwei kenntnisreiche, originelle Aufs\u00e4tze in System ubw, Zeitschrift f\u00fcr klassische Psychoanalyse stammen ebenfalls aus ihrer Feder. Ihre bei AHRIMAN erschienenen B\u00fccher, die sie bei zahlreichen Lesungen u.a. auf Buchmessen vor- und zur Diskussion stellte, sind und bleiben hochbrisant. Die ersten beiden bilden eine inhaltliche Einheit und widmen sich der Verteidigung sch\u00f6ner, unkeusch-selbstbewu\u00dfter Nacktheit (die in der von ihr so benannten &#8222;Besseren Zeit&#8220; 1965-1975 in die Offensive gelangte) gegen feministisches Dauergekeif, sowie der Analyse des Feminismus, also der Schwarzerei, als staatlich alimentierte gleichheits-, geist- und lustfeindliche Bewegung, die als Totengr\u00e4ber eben dieser Besseren Zeit fungierte.<br \/>\nIn einem weiteren Buch packt Steinbach das Tabuthema Geburtenkontrolle an, die in einer Welt mehr und mehr werdender Wimmelmenschen zum Wohle von Mensch (!) und Natur (!) l\u00e4ngst (!) \u00fcberf\u00e4llig ist &#8211; das sechste gro\u00dfe erdgeschichtliche Massenaussterben (das erste menschengemachte) aller Arten, menschliche Satellitenarten ausgenommen, ist jenseits aller Klimahysterie ja l\u00e4ngst in vollem Gange und der gr\u00f6\u00dfte Teil der Natur bereits traurig und unwiederbringlich vernichtet. Und schlie\u00dflich geht Steinbach in einem gemeinsam mit Beate Skal\u00e9e herausgegebenen Werk der planm\u00e4\u00dfigen Flutung Europas mit falschen Fl\u00fcchtlingen auf den Grund.\nHei\u00dfe Eisen also. Trauen Sie sich Ihrerseits, sie anzufassen!\n\t\t\t<a href=\"https:\/\/kerstin-steinbach.com\/?page_id=40\"  target=\"_self\">\n\t\t\t\t\t\t\tZu den B\u00fcchern\n\t\t\t<\/a>\n\t\t\t<a href=\"https:\/\/kerstin-steinbach.com\/?page_id=41\"  target=\"_self\">\n\t\t\t\t\t\t\tZu den Artikeln\n\t\t\t<\/a>\n<figure itemscope itemtype=\"https:\/\/schema.org\/ImageObject\">\n\t\t\t\t<a href=\"https:\/\/kerstin-steinbach.com\/?page_id=40#BessereZeit\"  target=\"_self\" itemprop=\"url\">\n\t\t\t\t<img decoding=\"async\" src=\"https:\/\/kerstin-steinbach.com\/wp-content\/uploads\/2026\/03\/Steinbach_Bessere_Zeit_2Aufl_4C-scaled.jpg\" alt=\"Steinbach_Bessere_Zeit_2Aufl_4C\" height=\"2560\" width=\"1796\" title=\"Steinbach_Bessere_Zeit_2Aufl_4C\" onerror=\"this.style.display='none'\" loading=\"lazy\" \/>\n\t\t\t\t<\/a>\n\t<\/figure>\n<figure itemscope itemtype=\"https:\/\/schema.org\/ImageObject\">\n\t\t\t\t<a href=\"https:\/\/kerstin-steinbach.com\/?page_id=40#R\u00fcckblickFeminismus\"  target=\"_self\" itemprop=\"url\">\n\t\t\t\t<img decoding=\"async\" src=\"https:\/\/kerstin-steinbach.com\/wp-content\/uploads\/2025\/10\/feminismus.jpg\" alt=\"feminismus\" height=\"559\" width=\"400\" title=\"feminismus\" onerror=\"this.style.display='none'\" loading=\"lazy\" \/>\n\t\t\t\t<\/a>\n\t<\/figure>\n<figure itemscope itemtype=\"https:\/\/schema.org\/ImageObject\">\n\t\t\t\t<a href=\"https:\/\/kerstin-steinbach.com\/?page_id=40#Geburtenkontrolle\"  target=\"_self\" itemprop=\"url\">\n\t\t\t\t<img decoding=\"async\" src=\"https:\/\/kerstin-steinbach.com\/wp-content\/uploads\/2025\/10\/denkverbot-geburtenkontrolle.jpg\" alt=\"https:\/\/www.ahriman.com\/de\/produkt\/politik-and-zeitgeschichte\/denkverbot-geburtenkontrolle\/499\" height=\"565\" width=\"400\" title=\"denkverbot-geburtenkontrolle\" onerror=\"this.style.display='none'\" loading=\"lazy\" \/>\n\t\t\t\t<\/a>\n\t<\/figure>\n<figure itemscope itemtype=\"https:\/\/schema.org\/ImageObject\">\n\t\t\t\t<a href=\"https:\/\/kerstin-steinbach.com\/?page_id=40#FlutungfalscherFluechtlinge\"  target=\"_self\" itemprop=\"url\">\n\t\t\t\t<img decoding=\"async\" src=\"https:\/\/kerstin-steinbach.com\/wp-content\/uploads\/2025\/10\/falsche_fluechtlinge.jpg\" alt=\"falsche_fluechtlinge\" height=\"588\" width=\"417\" title=\"falsche_fluechtlinge\" onerror=\"this.style.display='none'\" loading=\"lazy\" \/>\n\t\t\t\t<\/a>\n\t<\/figure>\n\n","protected":false},"excerpt":{"rendered":"<p>Biographisches Dr. Kerstin Steinbach ist seit vielen Jahren als erfolgreiche und hochgesch\u00e4tzte Fach\u00e4rztin t\u00e4tig. Seit fast drei Jahrzehnten ver\u00f6ffentlicht sie bei AHRIMAN. In den KETZERBRIEFEN, Flaschenpost f\u00fcr unangepa\u00dfte Gedanken, erscheinen regelm\u00e4\u00dfig ihre Artikel und Analysen, die ein breites inhaltliches Spektrum abdecken und sich neben biologischen und medizinischen auch zahlreichen aktualpolitischen und grunds\u00e4tzlichen Themen widmen; zwei&hellip;&nbsp;<a href=\"https:\/\/kerstin-steinbach.com\/?page_id=42\" rel=\"bookmark\"><span class=\"screen-reader-text\">Biographisches<\/span><\/a><\/p>\n","protected":false},"author":1,"featured_media":0,"parent":0,"menu_order":0,"comment_status":"closed","ping_status":"closed","template":"","meta":{"om_disable_all_campaigns":false,"_monsterinsights_skip_tracking":false,"_monsterinsights_sitenote_active":false,"_monsterinsights_sitenote_note":"","_monsterinsights_sitenote_category":0,"neve_meta_sidebar":"","neve_meta_container":"","neve_meta_enable_content_width":"","neve_meta_content_width":0,"neve_meta_title_alignment":"","neve_meta_author_avatar":"","neve_post_elements_order":"","neve_meta_disable_header":"","neve_meta_disable_footer":"","neve_meta_disable_title":"","footnotes":""},"class_list":["post-42","page","type-page","status-publish","hentry"],"aioseo_notices":[],"_links":{"self":[{"href":"https:\/\/kerstin-steinbach.com\/index.php?rest_route=\/wp\/v2\/pages\/42","targetHints":{"allow":["GET"]}}],"collection":[{"href":"https:\/\/kerstin-steinbach.com\/index.php?rest_route=\/wp\/v2\/pages"}],"about":[{"href":"https:\/\/kerstin-steinbach.com\/index.php?rest_route=\/wp\/v2\/types\/page"}],"author":[{"embeddable":true,"href":"https:\/\/kerstin-steinbach.com\/index.php?rest_route=\/wp\/v2\/users\/1"}],"replies":[{"embeddable":true,"href":"https:\/\/kerstin-steinbach.com\/index.php?rest_route=%2Fwp%2Fv2%2Fcomments&post=42"}],"version-history":[{"count":11,"href":"https:\/\/kerstin-steinbach.com\/index.php?rest_route=\/wp\/v2\/pages\/42\/revisions"}],"predecessor-version":[{"id":186,"href":"https:\/\/kerstin-steinbach.com\/index.php?rest_route=\/wp\/v2\/pages\/42\/revisions\/186"}],"wp:attachment":[{"href":"https:\/\/kerstin-steinbach.com\/index.php?rest_route=%2Fwp%2Fv2%2Fmedia&parent=42"}],"curies":[{"name":"wp","href":"https:\/\/api.w.org\/{rel}","templated":true}]}}