{"id":41,"date":"2025-10-25T16:46:28","date_gmt":"2025-10-25T16:46:28","guid":{"rendered":"https:\/\/kerstin-steinbach.com\/?page_id=41"},"modified":"2026-04-09T12:11:05","modified_gmt":"2026-04-09T12:11:05","slug":"zeitschriften","status":"publish","type":"page","link":"https:\/\/kerstin-steinbach.com\/?page_id=41","title":{"rendered":"Publikationen &#8211; Zeitschriften"},"content":{"rendered":"\n<h2  id=\"SystemUbw\">\n\t\t\tPublikationen in System ubw\t<\/h2>\n<figure itemscope itemtype=\"https:\/\/schema.org\/ImageObject\">\n\t\t\t\t<a href=\"https:\/\/www.ahriman.com\/de\/produkt\/2001-2010\/system-ubw-22007\/341\"  target=\"_blank\" rel=\"noopener\"  itemprop=\"url\">\n\t\t\t\t<img decoding=\"async\" src=\"https:\/\/kerstin-steinbach.com\/wp-content\/uploads\/2025\/10\/ubw0207-208x300.jpg\" alt=\"ubw0207\" height=\"300\" width=\"208\" title=\"ubw0207\" onerror=\"this.style.display='none'\" loading=\"lazy\" \/>\n\t\t\t\t<\/a>\n\t<\/figure>\n\t<p><a href=\"https:\/\/www.ahriman.com\/de\/produkt\/2001-2010\/system-ubw-22007\/341\">Der \u00bbfriedliche\u00ab Buddhismus und seine \u00bbb\u00f6sen\u00ab G\u00f6tter &#8211; die Dharmapalas\u00a0<\/a><\/p>\n<figure itemscope itemtype=\"https:\/\/schema.org\/ImageObject\">\n\t\t\t\t<a href=\"https:\/\/www.ahriman.com\/de\/produkt\/2001-2010\/system-ubw-12005\/344\"  target=\"_blank\" rel=\"noopener\"  itemprop=\"url\">\n\t\t\t\t<img decoding=\"async\" src=\"https:\/\/kerstin-steinbach.com\/wp-content\/uploads\/2025\/10\/ubw0105-Genitalrasur-207x300.jpg\" alt=\"ubw01\/2005-Genitalrasur\" height=\"300\" width=\"207\" title=\"ubw01\/2005-Genitalrasur\" onerror=\"this.style.display='none'\" loading=\"lazy\" \/>\n\t\t\t\t<\/a>\n\t<\/figure>\n\t<a href=\"https:\/\/www.ahriman.com\/de\/produkt\/2001-2010\/system-ubw-12005\/344\">Beitr\u00e4ge zur Psychopathologie des modernen Alltagslebens -Teil 3:<br \/>\nDie Genitalrasur<\/a>\n<h2>\n\t\t\tPublikationen in Ketzerbriefe\t<\/h2>\n<figure itemscope itemtype=\"https:\/\/schema.org\/ImageObject\">\n\t\t\t\t<a href=\"https:\/\/www.ahriman.com\/de\/produkt\/gesamtverzeichnis\/ketzerbriefe-254\/584\"  target=\"_blank\" rel=\"noopener\"  itemprop=\"url\">\n\t\t\t\t<img decoding=\"async\" src=\"https:\/\/kerstin-steinbach.com\/wp-content\/uploads\/2026\/03\/kb254.jpg\" alt=\"kb254\" height=\"581\" width=\"400\" title=\"kb254\" onerror=\"this.style.display='none'\" loading=\"lazy\" \/>\n\t\t\t\t<\/a>\n\t<\/figure>\n\t<p><a href=\"https:\/\/www.ahriman.com\/de\/produkt\/gesamtverzeichnis\/ketzerbriefe-254\/584\">Amphibiensterben &#8211; und das immergleiche eiserne Tabu<\/a><\/p>\n<figure itemscope itemtype=\"https:\/\/schema.org\/ImageObject\">\n\t\t\t\t<a href=\"https:\/\/www.ahriman.com\/de\/produkt\/gesamtverzeichnis\/ketzerbriefe-252\/568\"  target=\"_blank\" rel=\"noopener\"  itemprop=\"url\">\n\t\t\t\t<img decoding=\"async\" src=\"https:\/\/kerstin-steinbach.com\/wp-content\/uploads\/2026\/03\/kb252.jpg\" alt=\"kb252\" height=\"579\" width=\"400\" title=\"kb252\" onerror=\"this.style.display='none'\" loading=\"lazy\" \/>\n\t\t\t\t<\/a>\n\t<\/figure>\n\t<p><a href=\"https:\/\/www.ahriman.com\/de\/produkt\/gesamtverzeichnis\/ketzerbriefe-252\/568\">MLPD: Gekaufte Kasper oder Giftgasangriff auf Marx und Lenin?<\/a><\/p>\n<figure itemscope itemtype=\"https:\/\/schema.org\/ImageObject\">\n\t\t\t\t<a href=\"https:\/\/www.ahriman.com\/de\/produkt\/gesamtverzeichnis\/ketzerbriefe-250\/562\"  target=\"_blank\" rel=\"noopener\"  itemprop=\"url\">\n\t\t\t\t<img decoding=\"async\" src=\"https:\/\/kerstin-steinbach.com\/wp-content\/uploads\/2026\/03\/Ketzerbriefe-250.jpg\" alt=\"Ketzerbriefe-250\" height=\"580\" width=\"400\" title=\"Ketzerbriefe-250\" onerror=\"this.style.display='none'\" loading=\"lazy\" \/>\n\t\t\t\t<\/a>\n\t<\/figure>\n\t<p><a href=\"https:\/\/www.ahriman.com\/de\/produkt\/gesamtverzeichnis\/ketzerbriefe-250\/562\">Gegen Hetze und Gewalt 20,8 % f\u00fcr die AfD! (Wenn\u00b4s nicht mehr waren&#8230;)<\/a><\/p>\n<figure itemscope itemtype=\"https:\/\/schema.org\/ImageObject\">\n\t\t\t\t<a href=\"https:\/\/www.ahriman.com\/de\/produkt\/230-bis-jetzt\/ketzerbriefe-248\/549\"  target=\"_blank\" rel=\"noopener\"  itemprop=\"url\">\n\t\t\t\t<img decoding=\"async\" src=\"https:\/\/kerstin-steinbach.com\/wp-content\/uploads\/2026\/03\/kb248.jpg\" alt=\"kb248\" height=\"582\" width=\"400\" title=\"kb248\" onerror=\"this.style.display='none'\" loading=\"lazy\" \/>\n\t\t\t\t<\/a>\n\t<\/figure>\n\t<p><a href=\"https:\/\/www.ahriman.com\/de\/produkt\/230-bis-jetzt\/ketzerbriefe-248\/549\">Kleine Nachhilfe Geschichte<\/a><\/p>\n<figure itemscope itemtype=\"https:\/\/schema.org\/ImageObject\">\n\t\t\t\t<a href=\"https:\/\/www.ahriman.com\/de\/produkt\/240-bis-jetzt\/ketzerbriefe-244\/541\"  target=\"_blank\" rel=\"noopener\"  itemprop=\"url\">\n\t\t\t\t<img decoding=\"async\" src=\"https:\/\/kerstin-steinbach.com\/wp-content\/uploads\/2026\/03\/kb244.jpg\" alt=\"kb244\" height=\"1329\" width=\"915\" title=\"kb244\" onerror=\"this.style.display='none'\" loading=\"lazy\" \/>\n\t\t\t\t<\/a>\n\t<\/figure>\n\t<p><a href=\"https:\/\/www.ahriman.com\/de\/produkt\/240-bis-jetzt\/ketzerbriefe-244\/541\">Rezension: Thomas Mayer Wahrheitssuche im Ukraine-Krieg<\/a><\/p>\n<figure itemscope itemtype=\"https:\/\/schema.org\/ImageObject\">\n\t\t\t\t<a href=\"https:\/\/www.ahriman.com\/de\/produkt\/240-bis-jetzt\/ketzerbriefe-242243\/539\"  target=\"_blank\" rel=\"noopener\"  itemprop=\"url\">\n\t\t\t\t<img decoding=\"async\" src=\"https:\/\/kerstin-steinbach.com\/wp-content\/uploads\/2026\/03\/KB242v2.jpg\" alt=\"KB242v2\" height=\"580\" width=\"400\" title=\"KB242v2\" onerror=\"this.style.display='none'\" loading=\"lazy\" \/>\n\t\t\t\t<\/a>\n\t<\/figure>\n\t<p><a href=\"https:\/\/www.ahriman.com\/de\/produkt\/240-bis-jetzt\/ketzerbriefe-242243\/539\">Schaufenster des Westens zugeklappt, das des fernen Ostens noch nicht ganz &#8211; Deutschland und Japan, ein Vergleich<\/a><\/p>\n<figure itemscope itemtype=\"https:\/\/schema.org\/ImageObject\">\n\t\t\t\t<a href=\"https:\/\/www.ahriman.com\/de\/produkt\/210-bis-239\/ketzerbriefe-236\/527\"  target=\"_blank\" rel=\"noopener\"  itemprop=\"url\">\n\t\t\t\t<img decoding=\"async\" src=\"https:\/\/kerstin-steinbach.com\/wp-content\/uploads\/2026\/03\/kb236.jpg\" alt=\"kb236\" height=\"580\" width=\"400\" title=\"kb236\" onerror=\"this.style.display='none'\" loading=\"lazy\" \/>\n\t\t\t\t<\/a>\n\t<\/figure>\n\t<p><a href=\"https:\/\/www.ahriman.com\/de\/produkt\/210-bis-239\/ketzerbriefe-236\/527\">Das Artensterben geht weiter &#8211; verlogenes Ged\u00f6ns in Montreal, aber: Gl\u00fcckwunsch den Chinesen!<\/a><\/p>\n<figure itemscope itemtype=\"https:\/\/schema.org\/ImageObject\">\n\t\t\t\t<a href=\"https:\/\/www.ahriman.com\/de\/produkt\/210-bis-239\/ketzerbriefe-235\/524\"  target=\"_blank\" rel=\"noopener\"  itemprop=\"url\">\n\t\t\t\t<img decoding=\"async\" src=\"https:\/\/kerstin-steinbach.com\/wp-content\/uploads\/2026\/03\/kb235.jpg\" alt=\"kb235\" height=\"581\" width=\"400\" title=\"kb235\" onerror=\"this.style.display='none'\" loading=\"lazy\" \/>\n\t\t\t\t<\/a>\n\t<\/figure>\n\t<p><a href=\"https:\/\/www.ahriman.com\/de\/produkt\/210-bis-239\/ketzerbriefe-235\/524\">Rezension: Thomas R\u00f6per, Vladimir Putin. Seht Ihr, was Ihr angerichtet habt?<\/a><\/p>\n<figure itemscope itemtype=\"https:\/\/schema.org\/ImageObject\">\n\t\t\t\t<a href=\"https:\/\/www.ahriman.com\/de\/produkt\/210-bis-239\/ketzerbriefe-232\/519\"  target=\"_blank\" rel=\"noopener\"  itemprop=\"url\">\n\t\t\t\t<img decoding=\"async\" src=\"https:\/\/kerstin-steinbach.com\/wp-content\/uploads\/2026\/03\/kb232.jpg\" alt=\"KB232_Deckel_U4_Layout.indd\" height=\"582\" width=\"400\" title=\"KB232_Deckel_U4_Layout.indd\" onerror=\"this.style.display='none'\" loading=\"lazy\" \/>\n\t\t\t\t<\/a>\n\t<\/figure>\n\t<p><a href=\"https:\/\/www.ahriman.com\/de\/produkt\/210-bis-239\/ketzerbriefe-232\/519\">Serengeti darf nicht sterben! &#8211; oder doch?<\/a><\/p>\n<figure itemscope itemtype=\"https:\/\/schema.org\/ImageObject\">\n\t\t\t\t<a href=\"https:\/\/www.ahriman.com\/de\/produkt\/210-bis-239\/ketzerbriefe-231\/517\"  target=\"_blank\" rel=\"noopener\"  itemprop=\"url\">\n\t\t\t\t<img decoding=\"async\" src=\"https:\/\/kerstin-steinbach.com\/wp-content\/uploads\/2026\/03\/kb231.jpg\" alt=\"kb231\" height=\"580\" width=\"400\" title=\"kb231\" onerror=\"this.style.display='none'\" loading=\"lazy\" \/>\n\t\t\t\t<\/a>\n\t<\/figure>\n\t<p><a href=\"https:\/\/www.ahriman.com\/de\/produkt\/210-bis-239\/ketzerbriefe-231\/517\">Die unendliche Corona-Welle &#8211; von Alpha bis Omega und wieder von vorn (3), Propaganda vs. Wirklichkeit (Statistik)<\/a><\/p>\n<figure itemscope itemtype=\"https:\/\/schema.org\/ImageObject\">\n\t\t\t\t<a href=\"https:\/\/www.ahriman.com\/de\/produkt\/210-bis-239\/ketzerbriefe-222\/502\"  target=\"_blank\" rel=\"noopener\"  itemprop=\"url\">\n\t\t\t\t<img decoding=\"async\" src=\"https:\/\/kerstin-steinbach.com\/wp-content\/uploads\/2026\/03\/kb222.jpg\" alt=\"kb222\" height=\"585\" width=\"400\" title=\"kb222\" onerror=\"this.style.display='none'\" loading=\"lazy\" \/>\n\t\t\t\t<\/a>\n\t<\/figure>\n\t<p><a href=\"https:\/\/www.ahriman.com\/de\/produkt\/210-bis-239\/ketzerbriefe-222\/502\">Aus der Welt der Ideologeme (XL) &#8211; Was ich schon immer mal kapieren wollte: Die b\u00f6\u00f6se Pharmaindustrie<\/a><\/p>\n<figure itemscope itemtype=\"https:\/\/schema.org\/ImageObject\">\n\t\t\t\t<a href=\"https:\/\/www.ahriman.com\/de\/produkt\/210-bis-239\/ketzerbriefe-219\/491\"  target=\"_blank\" rel=\"noopener\"  itemprop=\"url\">\n\t\t\t\t<img decoding=\"async\" src=\"https:\/\/kerstin-steinbach.com\/wp-content\/uploads\/2026\/03\/kb219.jpg\" alt=\"kb219\" height=\"590\" width=\"400\" title=\"kb219\" onerror=\"this.style.display='none'\" loading=\"lazy\" \/>\n\t\t\t\t<\/a>\n\t<\/figure>\n\t<p><a href=\"https:\/\/www.ahriman.com\/de\/produkt\/210-bis-239\/ketzerbriefe-219\/491\">Robert Gabriel Mugabe &#8211; ein Nachruf<\/a><\/p>\n<figure itemscope itemtype=\"https:\/\/schema.org\/ImageObject\">\n\t\t\t\t<a href=\"https:\/\/www.ahriman.com\/de\/produkt\/190-bis-209\/ketzerbriefe-203\/88\"  target=\"_blank\" rel=\"noopener\"  itemprop=\"url\">\n\t\t\t\t<img decoding=\"async\" src=\"https:\/\/kerstin-steinbach.com\/wp-content\/uploads\/2026\/03\/kb203.jpg\" alt=\"kb203\" height=\"582\" width=\"400\" title=\"kb203\" onerror=\"this.style.display='none'\" loading=\"lazy\" \/>\n\t\t\t\t<\/a>\n\t<\/figure>\n\t<p><a href=\"https:\/\/www.ahriman.com\/de\/produkt\/190-bis-209\/ketzerbriefe-203\/88\">\u00bbNippelalarm\u00ab<\/a><\/p>\n<figure itemscope itemtype=\"https:\/\/schema.org\/ImageObject\">\n\t\t\t\t<a href=\"https:\/\/www.ahriman.com\/de\/produkt\/190-bis-209\/ketzerbriefe-199\/92\"  target=\"_blank\" rel=\"noopener\"  itemprop=\"url\">\n\t\t\t\t<img decoding=\"async\" src=\"https:\/\/kerstin-steinbach.com\/wp-content\/uploads\/2026\/03\/kb199.jpg\" alt=\"kb199\" height=\"586\" width=\"400\" title=\"kb199\" onerror=\"this.style.display='none'\" loading=\"lazy\" \/>\n\t\t\t\t<\/a>\n\t<\/figure>\n\t<p><a href=\"https:\/\/www.ahriman.com\/de\/produkt\/190-bis-209\/ketzerbriefe-199\/92\">Nach den K\u00f6lner Exzessen &#8211; weibliche Genitalverst\u00fcmmelung wird hoff\u00e4hig gemacht<\/a><\/p>\n<figure itemscope itemtype=\"https:\/\/schema.org\/ImageObject\">\n\t\t\t\t<a href=\"https:\/\/www.ahriman.com\/de\/produkt\/190-bis-209\/ketzerbriefe-194\/97\"  target=\"_blank\" rel=\"noopener\"  itemprop=\"url\">\n\t\t\t\t<img decoding=\"async\" src=\"https:\/\/kerstin-steinbach.com\/wp-content\/uploads\/2026\/03\/kb194.jpg\" alt=\"kb194\" height=\"558\" width=\"400\" title=\"kb194\" onerror=\"this.style.display='none'\" loading=\"lazy\" \/>\n\t\t\t\t<\/a>\n\t<\/figure>\n\t<p><a href=\"https:\/\/www.ahriman.com\/de\/produkt\/190-bis-209\/ketzerbriefe-194\/97\">Wie der Papst als Frau wiedergeboren wurde, oder: feministisches Heidenwerfen<\/a><\/p>\n<figure itemscope itemtype=\"https:\/\/schema.org\/ImageObject\">\n\t\t\t\t<a href=\"https:\/\/www.ahriman.com\/de\/produkt\/190-bis-209\/ketzerbriefe-193\/98\"  target=\"_blank\" rel=\"noopener\"  itemprop=\"url\">\n\t\t\t\t<img decoding=\"async\" src=\"https:\/\/kerstin-steinbach.com\/wp-content\/uploads\/2026\/03\/kb193.jpg\" alt=\"kb193\" height=\"575\" width=\"400\" title=\"kb193\" onerror=\"this.style.display='none'\" loading=\"lazy\" \/>\n\t\t\t\t<\/a>\n\t<\/figure>\n\t<p><a href=\"https:\/\/www.ahriman.com\/de\/produkt\/190-bis-209\/ketzerbriefe-193\/98\">Der anachronistische Zug marschiert &#8211; Freiheit und Democracy in der Ukraine<\/a><\/p>\n<figure itemscope itemtype=\"https:\/\/schema.org\/ImageObject\">\n\t\t\t\t<a href=\"https:\/\/www.ahriman.com\/de\/produkt\/gesamtverzeichnis\/ketzerbriefe-188\/103\"  target=\"_blank\" rel=\"noopener\"  itemprop=\"url\">\n\t\t\t\t<img decoding=\"async\" src=\"https:\/\/kerstin-steinbach.com\/wp-content\/uploads\/2026\/03\/kb188.jpg\" alt=\"kb188\" height=\"581\" width=\"400\" title=\"kb188\" onerror=\"this.style.display='none'\" loading=\"lazy\" \/>\n\t\t\t\t<\/a>\n\t<\/figure>\n\t<p><a href=\"https:\/\/www.ahriman.com\/de\/produkt\/gesamtverzeichnis\/ketzerbriefe-188\/103\">Gepl\u00e4nkel um die M\u00f6senpfr\u00fcnden; Rede auf dem Atheistenkongre\u00df in Warschau<\/a><\/p>\n<figure itemscope itemtype=\"https:\/\/schema.org\/ImageObject\">\n\t\t\t\t<a href=\"https:\/\/www.ahriman.com\/de\/produkt\/150-bis-169\/ketzerbriefe-157158\/133\"  target=\"_blank\" rel=\"noopener\"  itemprop=\"url\">\n\t\t\t\t<img decoding=\"async\" src=\"https:\/\/kerstin-steinbach.com\/wp-content\/uploads\/2025\/10\/kb157.jpg\" alt=\"kb157\" height=\"570\" width=\"400\" title=\"kb157\" onerror=\"this.style.display='none'\" loading=\"lazy\" \/>\n\t\t\t\t<\/a>\n\t<\/figure>\n\t<p><a href=\"https:\/\/www.ahriman.com\/de\/produkt\/150-bis-169\/ketzerbriefe-157158\/133\">Die Vernichtung der Besseren Zeit und der neue Kindersch\u00e4nder-Wahn<\/a><\/p>\n<figure itemscope itemtype=\"https:\/\/schema.org\/ImageObject\">\n\t\t\t\t<a href=\"https:\/\/www.ahriman.com\/de\/produkt\/150-bis-169\/ketzerbriefe-155\/135\"  target=\"_blank\" rel=\"noopener\"  itemprop=\"url\">\n\t\t\t\t<img decoding=\"async\" src=\"https:\/\/kerstin-steinbach.com\/wp-content\/uploads\/2026\/03\/kb155.jpg\" alt=\"kb155\" height=\"564\" width=\"400\" title=\"kb155\" onerror=\"this.style.display='none'\" loading=\"lazy\" \/>\n\t\t\t\t<\/a>\n\t<\/figure>\n\t<p><a href=\"https:\/\/www.ahriman.com\/de\/produkt\/150-bis-169\/ketzerbriefe-155\/135\">Michael Jackson &#8211; der Oscar Wilde unserer Zeit<\/a><\/p>\n<figure itemscope itemtype=\"https:\/\/schema.org\/ImageObject\">\n\t\t\t\t<a href=\"https:\/\/www.ahriman.com\/de\/produkt\/150-bis-169\/ketzerbriefe-151\/139\"  target=\"_blank\" rel=\"noopener\"  itemprop=\"url\">\n\t\t\t\t<img decoding=\"async\" src=\"https:\/\/kerstin-steinbach.com\/wp-content\/uploads\/2026\/03\/kb151.jpg\" alt=\"kb151\" height=\"573\" width=\"400\" title=\"kb151\" onerror=\"this.style.display='none'\" loading=\"lazy\" \/>\n\t\t\t\t<\/a>\n\t<\/figure>\n\t<p><a href=\"https:\/\/www.ahriman.com\/de\/produkt\/150-bis-169\/ketzerbriefe-151\/139\">Das kleine Kind und das gro\u00dfe Geld<\/a><\/p>\n<figure itemscope itemtype=\"https:\/\/schema.org\/ImageObject\">\n\t\t\t\t<a href=\"https:\/\/www.ahriman.com\/de\/produkt\/130-bis-149\/ketzerbriefe-134\/155\"  target=\"_blank\" rel=\"noopener\"  itemprop=\"url\">\n\t\t\t\t<img decoding=\"async\" src=\"https:\/\/kerstin-steinbach.com\/wp-content\/uploads\/2026\/03\/kb134.jpg\" alt=\"kb134\" height=\"578\" width=\"400\" title=\"kb134\" onerror=\"this.style.display='none'\" loading=\"lazy\" \/>\n\t\t\t\t<\/a>\n\t<\/figure>\n\t<p><a href=\"https:\/\/www.ahriman.com\/de\/produkt\/130-bis-149\/ketzerbriefe-134\/155\">Die Pille enthemmt &#8211; nehmen Sie sie!\u00a0<\/a><\/p>\n<figure itemscope itemtype=\"https:\/\/schema.org\/ImageObject\">\n\t\t\t\t<a href=\"https:\/\/www.ahriman.com\/de\/produkt\/110-bis-129\/ketzerbriefe-120\/169\"  target=\"_blank\" rel=\"noopener\"  itemprop=\"url\">\n\t\t\t\t<img decoding=\"async\" src=\"https:\/\/kerstin-steinbach.com\/wp-content\/uploads\/2026\/03\/kb120.jpg\" alt=\"kb120\" height=\"570\" width=\"400\" title=\"kb120\" onerror=\"this.style.display='none'\" loading=\"lazy\" \/>\n\t\t\t\t<\/a>\n\t<\/figure>\n\t<p><a href=\"https:\/\/www.ahriman.com\/de\/produkt\/110-bis-129\/ketzerbriefe-120\/169\">Feministischer Endsieg &#8211; oder: das P\u00fcffchen am Ende der Stra\u00dfe<\/a><\/p>\n<figure itemscope itemtype=\"https:\/\/schema.org\/ImageObject\">\n\t\t\t\t<a href=\"https:\/\/www.ahriman.com\/de\/produkt\/110-bis-129\/ketzerbriefe-112113\/176\"  target=\"_blank\" rel=\"noopener\"  itemprop=\"url\">\n\t\t\t\t<img decoding=\"async\" src=\"https:\/\/kerstin-steinbach.com\/wp-content\/uploads\/2026\/03\/kb112.jpg\" alt=\"kb112\" height=\"594\" width=\"400\" title=\"kb112\" onerror=\"this.style.display='none'\" loading=\"lazy\" \/>\n\t\t\t\t<\/a>\n\t<\/figure>\n\t<p><a href=\"https:\/\/www.ahriman.com\/de\/produkt\/110-bis-129\/ketzerbriefe-112113\/176\">Erw\u00fcrgte Forschung oder: Wojtylas willige Vollstrecker<\/a><\/p>\n\n","protected":false},"excerpt":{"rendered":"<p>Publikationen in System ubw Der \u00bbfriedliche\u00ab Buddhismus und seine \u00bbb\u00f6sen\u00ab G\u00f6tter &#8211; die Dharmapalas\u00a0 Beitr\u00e4ge zur Psychopathologie des modernen Alltagslebens -Teil 3: Die Genitalrasur Publikationen in Ketzerbriefe Amphibiensterben &#8211; und das immergleiche eiserne Tabu MLPD: Gekaufte Kasper oder Giftgasangriff auf Marx und Lenin? Gegen Hetze und Gewalt 20,8 % f\u00fcr die AfD! (Wenn\u00b4s nicht mehr&hellip;&nbsp;<a href=\"https:\/\/kerstin-steinbach.com\/?page_id=41\" rel=\"bookmark\"><span class=\"screen-reader-text\">Publikationen &#8211; Zeitschriften<\/span><\/a><\/p>\n","protected":false},"author":1,"featured_media":0,"parent":0,"menu_order":0,"comment_status":"closed","ping_status":"closed","template":"","meta":{"om_disable_all_campaigns":false,"_monsterinsights_skip_tracking":false,"_monsterinsights_sitenote_active":false,"_monsterinsights_sitenote_note":"","_monsterinsights_sitenote_category":0,"neve_meta_sidebar":"","neve_meta_container":"","neve_meta_enable_content_width":"","neve_meta_content_width":0,"neve_meta_title_alignment":"","neve_meta_author_avatar":"","neve_post_elements_order":"","neve_meta_disable_header":"","neve_meta_disable_footer":"","neve_meta_disable_title":"","footnotes":""},"class_list":["post-41","page","type-page","status-publish","hentry"],"aioseo_notices":[],"_links":{"self":[{"href":"https:\/\/kerstin-steinbach.com\/index.php?rest_route=\/wp\/v2\/pages\/41","targetHints":{"allow":["GET"]}}],"collection":[{"href":"https:\/\/kerstin-steinbach.com\/index.php?rest_route=\/wp\/v2\/pages"}],"about":[{"href":"https:\/\/kerstin-steinbach.com\/index.php?rest_route=\/wp\/v2\/types\/page"}],"author":[{"embeddable":true,"href":"https:\/\/kerstin-steinbach.com\/index.php?rest_route=\/wp\/v2\/users\/1"}],"replies":[{"embeddable":true,"href":"https:\/\/kerstin-steinbach.com\/index.php?rest_route=%2Fwp%2Fv2%2Fcomments&post=41"}],"version-history":[{"count":10,"href":"https:\/\/kerstin-steinbach.com\/index.php?rest_route=\/wp\/v2\/pages\/41\/revisions"}],"predecessor-version":[{"id":184,"href":"https:\/\/kerstin-steinbach.com\/index.php?rest_route=\/wp\/v2\/pages\/41\/revisions\/184"}],"wp:attachment":[{"href":"https:\/\/kerstin-steinbach.com\/index.php?rest_route=%2Fwp%2Fv2%2Fmedia&parent=41"}],"curies":[{"name":"wp","href":"https:\/\/api.w.org\/{rel}","templated":true}]}}