{"id":40,"date":"2025-10-25T16:46:28","date_gmt":"2025-10-25T16:46:28","guid":{"rendered":"https:\/\/kerstin-steinbach.com\/?page_id=40"},"modified":"2026-04-09T12:02:38","modified_gmt":"2026-04-09T12:02:38","slug":"publikationen","status":"publish","type":"page","link":"https:\/\/kerstin-steinbach.com\/?page_id=40","title":{"rendered":"Publikationen"},"content":{"rendered":"\n<h2  id=\"BessereZeit\">\n\t\t\tEs gab einmal eine bessere Zeit &#8230; (1965-1975)\t<\/h2>\n<h4>\n\t\t\tDie verha\u00dften Bilder und ihre verdr\u00e4ngte Botschaft\t<\/h4>\n<figure itemscope itemtype=\"https:\/\/schema.org\/ImageObject\">\n\t\t\t\t<a href=\"https:\/\/www.ahriman.com\/de\/produkt\/politik-and-zeitgeschichte\/es-gab-einmal-eine-bessere-zeit-1965-1975\/66\"  target=\"_blank\" rel=\"noopener\"  itemprop=\"url\">\n\t\t\t\t<img decoding=\"async\" src=\"https:\/\/kerstin-steinbach.com\/wp-content\/uploads\/2026\/03\/Steinbach_Bessere_Zeit_2Aufl_4C-scaled.jpg\" alt=\"Steinbach_Bessere_Zeit_2Aufl_4C\" height=\"2560\" width=\"1796\" title=\"Steinbach_Bessere_Zeit_2Aufl_4C\" onerror=\"this.style.display='none'\" loading=\"lazy\" \/>\n\t\t\t\t<\/a>\n\t<\/figure>\n\t134 Seiten, Gebundene Ausgabe; EUR 14,95;<br \/>\nISBN: 978-3-89484-816-3 <br \/>\n<b>3. Auflage 2014 im <a href=\"https:\/\/www.ahriman.com\/de\" target=\"_blank\" rel=\"noopener\">Ahriman-Verlag<\/a><br \/>\nAuch auf Spanisch und Polnisch erh\u00e4ltlich<\/b>\n\t<p>&nbsp;<\/p>\n\n<h5>Warum w\u00fcten der Papst und die Feministinnen gegen die Werbung der 70er Jahre? Waren sie paranoisch oder treffsicher? &#8211; In Wahrheit bildeten die geha\u00dften Bilder das Herz einer besseren Zeit, die im allgemeinen Ged\u00e4chtnis zerst\u00f6rt und verdr\u00e4ngt werden soll. Steinbach gr\u00e4bt sie gegen den Willen der Medien und aller sonstigen Gleichschalter wieder aus &#8230;<\/h5>\n<p>&nbsp;<\/p>\n\t\t\t<a href=\"https:\/\/www.ahriman.com\/de\/produkt\/politik-and-zeitgeschichte\/es-gab-einmal-eine-bessere-zeit-1965-1975\/66\"  target=\"_blank\" rel=\"noopener\"    rel=\"noopener\">\n\t\t\t\t\t\t\thier erwerben!\n\t\t\t<\/a>\n<h2  id=\"R\u00fcckblickFeminismus\">\n\t\t\tR\u00fcckblick auf den Feminismus\t<\/h2>\n<h4>\n\t\t\tVon Anfang an eine L\u00fcge gegen Gleichheit, Logik und sexuelles Vergn\u00fcgen\t<\/h4>\n\t<p><strong>Aus dem Inhalt<\/strong><\/p>\n<ul>\n<li><strong>Wie Ph\u00f6nix aus der Asche<\/strong><\/li>\n<li><strong>Gleich oder ungleich? &#8211; einige biologische Aspekte<\/strong><\/li>\n<li><strong>Die geteilte Menschheit &#8211; einige historische \u00dcberlegungen<\/strong><\/li>\n<li><strong>Feministische Dogmen<\/strong><\/li>\n<li><strong>Endsieg &#8211; der Feminismus als Staatsdoktrin<\/strong><\/li>\n<li><strong>An den Fr\u00fcchten sollt ihr sie erkennen<\/strong><\/li>\n<li><strong>Hommage an Wilhelm Reich &#8211; gegen Schwarzer, gegen Stalin, f\u00fcr Gleichheit und sexuelle Freiheit<\/strong><\/li>\n<li><strong>&#8230;<\/strong><\/li>\n<\/ul>\n\t\t\t<a href=\"https:\/\/www.ahriman.com\/de\/produkt\/politik-and-zeitgeschichte\/rueckblick-auf-den-feminismus\/63\"  target=\"_blank\" rel=\"noopener\"    rel=\"noopener\">\n\t\t\t\t\t\t\thier erwerben!\n\t\t\t<\/a>\n<figure itemscope itemtype=\"https:\/\/schema.org\/ImageObject\">\n\t\t\t\t<a href=\"https:\/\/www.ahriman.com\/de\/produkt\/politik-and-zeitgeschichte\/rueckblick-auf-den-feminismus\/63\"  target=\"_blank\" rel=\"noopener\"  itemprop=\"url\">\n\t\t\t\t<img decoding=\"async\" src=\"https:\/\/kerstin-steinbach.com\/wp-content\/uploads\/2025\/10\/feminismus.jpg\" alt=\"feminismus\" height=\"559\" width=\"400\" title=\"feminismus\" onerror=\"this.style.display='none'\" loading=\"lazy\" \/>\n\t\t\t\t<\/a>\n\t<\/figure>\n\t342 Seiten, Gebundene Ausgabe; EUR 29,80;<br \/>\nISBN: 978-3-89484-821-7 <br \/>\n<b>Erschienen 2012 im <a href=\"https:\/\/www.ahriman.com\/de\" target=\"_blank\" rel=\"noopener\">Ahriman-Verlag<\/a><\/b>\n<h2  id=\"Geburtenkontrolle\">\n\t\t\tDenkverbot Geburtenkontrolle\t<\/h2>\n<figure itemscope itemtype=\"https:\/\/schema.org\/ImageObject\">\n\t\t\t\t<a href=\"https:\/\/www.ahriman.com\/de\/produkt\/politik-and-zeitgeschichte\/denkverbot-geburtenkontrolle\/499\"  target=\"_blank\" rel=\"noopener\"  itemprop=\"url\">\n\t\t\t\t<img decoding=\"async\" src=\"https:\/\/kerstin-steinbach.com\/wp-content\/uploads\/2025\/10\/denkverbot-geburtenkontrolle.jpg\" alt=\"https:\/\/www.ahriman.com\/de\/produkt\/politik-and-zeitgeschichte\/denkverbot-geburtenkontrolle\/499\" height=\"565\" width=\"400\" title=\"denkverbot-geburtenkontrolle\" onerror=\"this.style.display='none'\" loading=\"lazy\" \/>\n\t\t\t\t<\/a>\n\t<\/figure>\n\t227 Seiten, Paperback; EUR 14,80; ISBN: 978-3-89484-839-2 <br \/>\n<b>1. Auflage erschienen 2020 im <a href=\"https:\/\/www.ahriman.com\/de\/produkt\/zeit-geschichte\/indonesien-196566\/575\" target=\"_blank\" rel=\"noopener\">Ahriman-Verlag<\/a><\/b>\n\t<p><strong>Aus dem Inhalt<\/strong><\/p>\n<ul>\n<li><strong>Rechen\u00fcbungen &#8211; einfach f\u00fcr Sch\u00fcler, die nicht dauernd die Schule schw\u00e4nzen<\/strong><\/li>\n<li><strong>Wer Antibiotika sagt, mu\u00df auch Antibabypille sagen (d\u00fcrfen)!<\/strong><\/li>\n<li><strong>Verr\u00fccktheiten beim Thema Geburtenkontrolle &#8211; oder: Wer steckt wirklich hinter der Geb\u00e4rpropaganda?<\/strong><\/li>\n<li><strong>Klimahysterie statt Geburtenkontrolle &#8211; komischer \u00bbKommunismus\u00ab, der von Multimilliard\u00e4ren finanziert wird<\/strong><\/li>\n<li><strong><em>Flugblatt:<\/em> Greta und H\u00e4nsel und ihr blinder Fleck: Geburtenkontrolle<\/strong><\/li>\n<li><strong>Noch mal: Geburtenkontrolle oder Elend &#8211; es gibt nichts dazwischen<\/strong><\/li>\n<li><strong>Klimadiskussion unerw\u00fcnscht &#8211; \u00bbExperten\u00ab verweigern Podiumsdiskussion<\/strong><\/li>\n<li><strong>Kontinuit\u00e4tsdokumente<\/strong><\/li>\n<\/ul>\n\t\t\t<a href=\"https:\/\/www.ahriman.com\/de\/produkt\/zeit-geschichte\/denkverbot-geburtenkontrolle\/499\"  target=\"_self\">\n\t\t\t\t\t\t\thier erwerben!\n\t\t\t<\/a>\n<h2  id=\"FlutungfalscherFluechtlinge\">\n\t\t\tDie Flutung Europas mit falschen Fl\u00fcchtlingen\t<\/h2>\n<h4>\n\t\t\toder: Vom Dreisam-M\u00f6rder Hussein Khavari, seinem Umfeld und dessen Schutzengeln\t<\/h4>\n<h5>\n\t\t\tHerausgegeben von Kerstin Steinbach und Beate Skal\u00e9e\t<\/h5>\n<figure itemscope itemtype=\"https:\/\/schema.org\/ImageObject\">\n\t\t\t\t<a href=\"https:\/\/www.ahriman.com\/de\/produkt\/politik-and-zeitgeschichte\/denkverbot-geburtenkontrolle\/499\"  target=\"_blank\" rel=\"noopener\"  itemprop=\"url\">\n\t\t\t\t<img decoding=\"async\" src=\"https:\/\/kerstin-steinbach.com\/wp-content\/uploads\/2025\/10\/falsche_fluechtlinge.jpg\" alt=\"falsche_fluechtlinge\" height=\"588\" width=\"417\" title=\"falsche_fluechtlinge\" onerror=\"this.style.display='none'\" loading=\"lazy\" \/>\n\t\t\t\t<\/a>\n\t<\/figure>\n\t410 Seiten, Gebundene Ausgabe; EUR 24,80;<br \/>\nISBN: \u00a0978-3-89484-835-4\u00a0<br \/>\n<b>2. Auflage erschienen 2024 im <a href=\"https:\/\/www.ahriman.com\/de\/produkt\/zeit-geschichte\/indonesien-196566\/575\" target=\"_blank\" rel=\"noopener\">Ahriman-Verlag<\/a><\/b>\n\t<p><strong>Aus dem Inhalt<\/strong><\/p>\n<ul>\n<li><strong>Was ist ein Fl\u00fcchtling<\/strong><\/li>\n<li><strong>Begriff und Geschichte des Asylrechts in der Neuzeit<\/strong><\/li>\n<li><strong>Die Flutung Europas mit falschen Fl\u00fcchtlingen: von langer Hand geplant, EU-Dokumente an die so schnell keiner herankommt<\/strong><\/li>\n<li><strong>Hintergr\u00fcnde und Hinterm\u00e4nner in den USA, oder: das Parallelimperium der Herren Soros und Rockefeller, der F\u00fchrer des US-Megakapitals<\/strong><\/li>\n<li><strong>Die F\u00e4lschung der Kriminalstatistik<\/strong><\/li>\n<li><strong>Wie der Feminismus in K\u00f6ln zu sich selbst kam: endlich <em>richtige<\/em> M\u00e4nner<\/strong><\/li>\n<li><strong>Das Beispiel des Dreisam-M\u00f6rders, oder: nicht in jeder Mordstadt gibt es eine chinesische Botschaft oder einen BgA<\/strong><\/li>\n<li><strong>Vom Fahndungstheater zur Fahndung<\/strong><\/li>\n<li><strong>&#8230;<\/strong><\/li>\n<\/ul>\n\t\t\t<a href=\"https:\/\/www.ahriman.com\/de\/produkt\/zeit-geschichte\/die-flutung-europas-mit-falschen-fluechtlingen\/50\"  target=\"_blank\" rel=\"noopener\"    rel=\"noopener\">\n\t\t\t\t\t\t\thier erwerben!\n\t\t\t<\/a>\n\n","protected":false},"excerpt":{"rendered":"<p>Es gab einmal eine bessere Zeit &#8230; (1965-1975) Die verha\u00dften Bilder und ihre verdr\u00e4ngte Botschaft 134 Seiten, Gebundene Ausgabe; EUR 14,95; ISBN: 978-3-89484-816-3 3. Auflage 2014 im Ahriman-Verlag Auch auf Spanisch und Polnisch erh\u00e4ltlich &nbsp; Warum w\u00fcten der Papst und die Feministinnen gegen die Werbung der 70er Jahre? Waren sie paranoisch oder treffsicher? &#8211; In&hellip;&nbsp;<a href=\"https:\/\/kerstin-steinbach.com\/?page_id=40\" rel=\"bookmark\"><span class=\"screen-reader-text\">Publikationen<\/span><\/a><\/p>\n","protected":false},"author":1,"featured_media":0,"parent":0,"menu_order":0,"comment_status":"closed","ping_status":"closed","template":"","meta":{"om_disable_all_campaigns":false,"_monsterinsights_skip_tracking":false,"_monsterinsights_sitenote_active":false,"_monsterinsights_sitenote_note":"","_monsterinsights_sitenote_category":0,"neve_meta_sidebar":"","neve_meta_container":"","neve_meta_enable_content_width":"","neve_meta_content_width":0,"neve_meta_title_alignment":"","neve_meta_author_avatar":"","neve_post_elements_order":"","neve_meta_disable_header":"","neve_meta_disable_footer":"","neve_meta_disable_title":"","footnotes":""},"class_list":["post-40","page","type-page","status-publish","hentry"],"aioseo_notices":[],"_links":{"self":[{"href":"https:\/\/kerstin-steinbach.com\/index.php?rest_route=\/wp\/v2\/pages\/40","targetHints":{"allow":["GET"]}}],"collection":[{"href":"https:\/\/kerstin-steinbach.com\/index.php?rest_route=\/wp\/v2\/pages"}],"about":[{"href":"https:\/\/kerstin-steinbach.com\/index.php?rest_route=\/wp\/v2\/types\/page"}],"author":[{"embeddable":true,"href":"https:\/\/kerstin-steinbach.com\/index.php?rest_route=\/wp\/v2\/users\/1"}],"replies":[{"embeddable":true,"href":"https:\/\/kerstin-steinbach.com\/index.php?rest_route=%2Fwp%2Fv2%2Fcomments&post=40"}],"version-history":[{"count":10,"href":"https:\/\/kerstin-steinbach.com\/index.php?rest_route=\/wp\/v2\/pages\/40\/revisions"}],"predecessor-version":[{"id":182,"href":"https:\/\/kerstin-steinbach.com\/index.php?rest_route=\/wp\/v2\/pages\/40\/revisions\/182"}],"wp:attachment":[{"href":"https:\/\/kerstin-steinbach.com\/index.php?rest_route=%2Fwp%2Fv2%2Fmedia&parent=40"}],"curies":[{"name":"wp","href":"https:\/\/api.w.org\/{rel}","templated":true}]}}