{"id":39,"date":"2025-10-25T16:46:28","date_gmt":"2025-10-25T16:46:28","guid":{"rendered":"https:\/\/kerstin-steinbach.com\/?page_id=39"},"modified":"2026-03-01T16:51:04","modified_gmt":"2026-03-01T16:51:04","slug":"mediathek","status":"publish","type":"page","link":"https:\/\/kerstin-steinbach.com\/?page_id=39","title":{"rendered":"Mediathek"},"content":{"rendered":"\n<figure itemscope itemtype=\"https:\/\/schema.org\/ImageObject\">\n\t\t\t\t<img decoding=\"async\" src=\"https:\/\/kerstin-steinbach.com\/wp-content\/uploads\/2025\/10\/Geburtenkontrolle_Mainz.jpg\" alt=\"Geburtenkontrolle_Mainz\" height=\"300\" width=\"300\" title=\"Geburtenkontrolle_Mainz\" onerror=\"this.style.display='none'\" loading=\"lazy\" \/>\n\t<\/figure>\n\t<p><a href=\"https:\/\/www.ahriman.com\/de\/produkt\/gesamtverzeichnis\/nr-109-denkverbot-geburtenkontrolle-der-blinde-fleck-aller-gretas-und-haensels-cd\/534\" target=\"_blank\" rel=\"noopener\">Denkverbot Geburtenkontrolle &#8211; Der blinde Fleck aller Gretas und H\u00e4nsels<\/a><\/p>\n<figure itemscope itemtype=\"https:\/\/schema.org\/ImageObject\">\n\t\t\t\t<img decoding=\"async\" src=\"https:\/\/kerstin-steinbach.com\/wp-content\/uploads\/2025\/10\/RuckblickAufDenFeminismus.jpg\" alt=\"R\u00fcckblickAufDenFeminismus\" height=\"400\" width=\"400\" title=\"R\u00fcckblickAufDenFeminismus\" onerror=\"this.style.display='none'\" loading=\"lazy\" \/>\n\t<\/figure>\n\t<p><a href=\"https:\/\/www.ahriman.com\/de\/produkt\/gesamtverzeichnis\/nr-102-rueckblick-auf-den-feminismus-von-anfang-an-eine-luege-gegen-gleichheit-logik-und-sexuelles-vergnuegen-cd\/368\">R\u00fcckblick auf den Feminismus &#8211; Von Anfang an eine L\u00fcge gegen Gleichheit, Logik und sexuelles Vergn\u00fcgen<\/a><\/p>\n<figure itemscope itemtype=\"https:\/\/schema.org\/ImageObject\">\n\t\t\t\t<img decoding=\"async\" src=\"https:\/\/kerstin-steinbach.com\/wp-content\/uploads\/2025\/10\/TTIP.jpg\" alt=\"TTIP\" height=\"400\" width=\"400\" title=\"TTIP\" onerror=\"this.style.display='none'\" loading=\"lazy\" \/>\n\t<\/figure>\n\t<p><a href=\"https:\/\/www.ahriman.com\/de\/produkt\/gesamtverzeichnis\/nr-103-ttip-wohlstand-durch-freihandel-oder-verelendung-europas-cd\/367\">TTIP &#8211; Wohlstand durch Freihandel oder Verelendung Europas?<\/a><\/p>\n<figure itemscope itemtype=\"https:\/\/schema.org\/ImageObject\">\n\t\t\t\t<img decoding=\"async\" src=\"https:\/\/kerstin-steinbach.com\/wp-content\/plugins\/beaver-builder-lite-version\/img\/pixel.png\" alt=\"\" onerror=\"this.style.display='none'\" loading=\"lazy\" \/>\n\t<\/figure>\n\n","protected":false},"excerpt":{"rendered":"<p>Denkverbot Geburtenkontrolle &#8211; Der blinde Fleck aller Gretas und H\u00e4nsels R\u00fcckblick auf den Feminismus &#8211; Von Anfang an eine L\u00fcge gegen Gleichheit, Logik und sexuelles Vergn\u00fcgen TTIP &#8211; Wohlstand durch Freihandel oder Verelendung Europas?<\/p>\n","protected":false},"author":1,"featured_media":0,"parent":0,"menu_order":0,"comment_status":"closed","ping_status":"closed","template":"","meta":{"om_disable_all_campaigns":false,"_monsterinsights_skip_tracking":false,"_monsterinsights_sitenote_active":false,"_monsterinsights_sitenote_note":"","_monsterinsights_sitenote_category":0,"neve_meta_sidebar":"","neve_meta_container":"","neve_meta_enable_content_width":"","neve_meta_content_width":0,"neve_meta_title_alignment":"","neve_meta_author_avatar":"","neve_post_elements_order":"","neve_meta_disable_header":"","neve_meta_disable_footer":"","neve_meta_disable_title":"","footnotes":""},"class_list":["post-39","page","type-page","status-publish","hentry"],"aioseo_notices":[],"_links":{"self":[{"href":"https:\/\/kerstin-steinbach.com\/index.php?rest_route=\/wp\/v2\/pages\/39","targetHints":{"allow":["GET"]}}],"collection":[{"href":"https:\/\/kerstin-steinbach.com\/index.php?rest_route=\/wp\/v2\/pages"}],"about":[{"href":"https:\/\/kerstin-steinbach.com\/index.php?rest_route=\/wp\/v2\/types\/page"}],"author":[{"embeddable":true,"href":"https:\/\/kerstin-steinbach.com\/index.php?rest_route=\/wp\/v2\/users\/1"}],"replies":[{"embeddable":true,"href":"https:\/\/kerstin-steinbach.com\/index.php?rest_route=%2Fwp%2Fv2%2Fcomments&post=39"}],"version-history":[{"count":4,"href":"https:\/\/kerstin-steinbach.com\/index.php?rest_route=\/wp\/v2\/pages\/39\/revisions"}],"predecessor-version":[{"id":158,"href":"https:\/\/kerstin-steinbach.com\/index.php?rest_route=\/wp\/v2\/pages\/39\/revisions\/158"}],"wp:attachment":[{"href":"https:\/\/kerstin-steinbach.com\/index.php?rest_route=%2Fwp%2Fv2%2Fmedia&parent=39"}],"curies":[{"name":"wp","href":"https:\/\/api.w.org\/{rel}","templated":true}]}}